{"id":2079,"date":"2024-02-08T23:39:30","date_gmt":"2024-02-08T22:39:30","guid":{"rendered":"https:\/\/terralpha.fr\/?page_id=2079"},"modified":"2024-04-11T10:19:50","modified_gmt":"2024-04-11T08:19:50","slug":"plan-du-site-2","status":"publish","type":"page","link":"https:\/\/terralpha.fr\/en\/plan-du-site-2\/","title":{"rendered":"Site map"},"content":{"rendered":"<div data-elementor-type=\"wp-page\" data-elementor-id=\"2079\" class=\"elementor elementor-2079\" data-elementor-post-type=\"page\">\n\t\t\t\t<div class=\"elementor-element elementor-element-a32ffc0 e-flex e-con-boxed e-con e-parent\" data-id=\"a32ffc0\" data-element_type=\"container\" data-e-type=\"container\" data-settings=\"{&quot;jet_parallax_layout_list&quot;:[]}\">\n\t\t\t\t\t<div class=\"e-con-inner\">\n\t\t\t\t<div class=\"elementor-element elementor-element-d3018f0 elementor-widget elementor-widget-text-editor\" data-id=\"d3018f0\" data-element_type=\"widget\" data-e-type=\"widget\" data-widget_type=\"text-editor.default\">\n\t\t\t\t\t\t\t\t\t<h2>Articles<\/h2>\n<ul>\n<li>Etix Everywhere joins forces with Terralpha to strengthen France's digital infrastructure<\/li>\n<li>Nokia and Terralpha accelerate territorial coverage by deploying a DWDM optical network along railway lines<\/li>\n<li>Terralpha continues to roll out in the heart of the country in 2023<\/li>\n<li>Datacenters, territories and sovereign data meetings<\/li>\n<li>Terralpha is forging closer links with companies and will be taking part in two CRiP events in February 2023<\/li>\n<li>A look back at the inauguration of our 1st digital platform in Saint-Pierre-des-Corps<\/li>\n<li>Control images from a sporting event remotely thanks to Terralpha's ultra-low latency national network!<\/li>\n<li>3 questions to Terralpha<\/li>\n<li>Terralpha continues to expand and reduces latency between Paris and Marseille<\/li>\n<li>Terralpha brings regions closer together by linking Paris and Lyon<\/li>\n<li>Terralpha uses ADVA\u2122's TeraFlex\u2122 solution for 600G transport across France<\/li>\n<li>Equinix and Terralpha partnership<\/li>\n<li>Terralpha inaugurates its first Ultra High Speed data transport route<\/li>\n<li>Telehouse-Terralpha partnership<\/li>\n<li>Terralpha launch<\/li>\n<\/ul>\n<h2><br><\/h2><h2>Pages<\/h2>\n<ul>\n<li>Home<\/li>\n<li>Cookie policy<\/li>\n<li>Site map<\/li>\n<li>Unsolicited application<\/li>\n<li>Point of presence contact<\/li>\n<li>Infrastructure<\/li>\n<li>Digital tiles<\/li>\n<li>Companies<\/li>\n<li>Hosting companies<\/li>\n<li>Integrators<\/li>\n<li>Public sector<\/li>\n<li>Operators<\/li>\n<li>Proposed values<\/li>\n<li>Contact<\/li>\n<li>Terralpha network<\/li>\n<li>Privacy policy<\/li>\n<li>Legal information<\/li>\n<li>Recruitment<\/li>\n<li>CSR commitments<\/li>\n<li>Ultra Broadband<\/li>\n<li>Company<\/li>\n<li>News<\/li>\n<li>Home-safeguard<\/li>\n<\/ul>\n<h2><br><\/h2><h2>Job Openings<\/h2>\n<ul>\n<li>Pre-Sales Engineer F\/H<\/li>\n<li>Telecom Technician F\/H<\/li>\n<li>Level 3 Support Engineer F\/H<\/li>\n<li>Quality Safety Environment Manager F\/H<\/li>\n<li>Head of Operational Excellence F\/H<\/li>\n<\/ul>\n<h2><br><\/h2><h2>Categories<\/h2>\n<ul>\n<li>Events<\/li>\n<li>News Terralpha<\/li>\n<li>Press<\/li>\n<li>Videos<\/li>\n<\/ul>\t\t\t\t\t\t\t\t<\/div>\n\t\t\t\t\t<\/div>\n\t\t\t\t<\/div>\n\t\t\t\t<\/div>","protected":false},"excerpt":{"rendered":"<p>Articles Etix Everywhere s&rsquo;associe \u00e0 Terralpha pour renforcer l&rsquo;infrastructure num\u00e9rique en France Nokia et Terralpha acc\u00e9l\u00e8rent la couverture des territoires en d\u00e9ployant un r\u00e9seau optique DWDM le long des voies de chemins de fer Terralpha poursuit son d\u00e9ploiement au coeur des territoires en 2023 Rencontres des Datacenters, des territoires et des donn\u00e9es souveraines Terralpha se [&hellip;]<\/p>\n","protected":false},"author":1,"featured_media":0,"parent":0,"menu_order":20,"comment_status":"closed","ping_status":"closed","template":"","meta":{"footnotes":""},"class_list":["post-2079","page","type-page","status-publish","hentry"],"_links":{"self":[{"href":"https:\/\/terralpha.fr\/en\/wp-json\/wp\/v2\/pages\/2079","targetHints":{"allow":["GET"]}}],"collection":[{"href":"https:\/\/terralpha.fr\/en\/wp-json\/wp\/v2\/pages"}],"about":[{"href":"https:\/\/terralpha.fr\/en\/wp-json\/wp\/v2\/types\/page"}],"author":[{"embeddable":true,"href":"https:\/\/terralpha.fr\/en\/wp-json\/wp\/v2\/users\/1"}],"replies":[{"embeddable":true,"href":"https:\/\/terralpha.fr\/en\/wp-json\/wp\/v2\/comments?post=2079"}],"version-history":[{"count":0,"href":"https:\/\/terralpha.fr\/en\/wp-json\/wp\/v2\/pages\/2079\/revisions"}],"wp:attachment":[{"href":"https:\/\/terralpha.fr\/en\/wp-json\/wp\/v2\/media?parent=2079"}],"curies":[{"name":"wp","href":"https:\/\/api.w.org\/{rel}","templated":true}]}}