{"id":402,"date":"2024-02-04T18:17:39","date_gmt":"2024-02-04T17:17:39","guid":{"rendered":"https:\/\/terralpha.fr\/?page_id=402"},"modified":"2026-02-04T11:43:54","modified_gmt":"2026-02-04T10:43:54","slug":"politique-de-confidentialite","status":"publish","type":"page","link":"https:\/\/terralpha.fr\/en\/politique-de-confidentialite\/","title":{"rendered":"Privacy policy"},"content":{"rendered":"<div data-elementor-type=\"wp-page\" data-elementor-id=\"402\" class=\"elementor elementor-402\" data-elementor-post-type=\"page\">\n\t\t\t\t<div class=\"elementor-element elementor-element-f37b2ee e-flex e-con-boxed e-con e-parent\" data-id=\"f37b2ee\" data-element_type=\"container\" data-e-type=\"container\" data-settings=\"{&quot;background_background&quot;:&quot;classic&quot;,&quot;jet_parallax_layout_list&quot;:[],&quot;shape_divider_bottom&quot;:&quot;mountains&quot;}\">\n\t\t\t\t\t<div class=\"e-con-inner\">\n\t\t\t\t<div class=\"elementor-shape elementor-shape-bottom\" aria-hidden=\"true\" data-negative=\"false\">\n\t\t\t<svg xmlns=\"http:\/\/www.w3.org\/2000\/svg\" viewbox=\"0 0 1000 100\" preserveaspectratio=\"none\">\n\t<path class=\"elementor-shape-fill\" opacity=\"0.33\" d=\"M473,67.3c-203.9,88.3-263.1-34-320.3,0C66,119.1,0,59.7,0,59.7V0h1000v59.7 c0,0-62.1,26.1-94.9,29.3c-32.8,3.3-62.8-12.3-75.8-22.1C806,49.6,745.3,8.7,694.9,4.7S492.4,59,473,67.3z\"\/>\n\t<path class=\"elementor-shape-fill\" opacity=\"0.66\" d=\"M734,67.3c-45.5,0-77.2-23.2-129.1-39.1c-28.6-8.7-150.3-10.1-254,39.1 s-91.7-34.4-149.2,0C115.7,118.3,0,39.8,0,39.8V0h1000v36.5c0,0-28.2-18.5-92.1-18.5C810.2,18.1,775.7,67.3,734,67.3z\"\/>\n\t<path class=\"elementor-shape-fill\" d=\"M766.1,28.9c-200-57.5-266,65.5-395.1,19.5C242,1.8,242,5.4,184.8,20.6C128,35.8,132.3,44.9,89.9,52.5C28.6,63.7,0,0,0,0 h1000c0,0-9.9,40.9-83.6,48.1S829.6,47,766.1,28.9z\"\/>\n<\/svg>\t\t<\/div>\n\t\t\t\t<div class=\"elementor-element elementor-element-5820176 elementor-widget__width-initial animated-slow elementor-widget-mobile__width-initial elementor-invisible elementor-widget elementor-widget-heading\" data-id=\"5820176\" data-element_type=\"widget\" data-e-type=\"widget\" data-settings=\"{&quot;_animation&quot;:&quot;fadeIn&quot;}\" data-widget_type=\"heading.default\">\n\t\t\t\t\t<h1 class=\"elementor-heading-title elementor-size-default\">Privacy policy<\/h1>\t\t\t\t<\/div>\n\t\t\t\t\t<\/div>\n\t\t\t\t<\/div>\n\t\t<div class=\"elementor-element elementor-element-446bd2b e-flex e-con-boxed e-con e-parent\" data-id=\"446bd2b\" data-element_type=\"container\" data-e-type=\"container\" data-settings=\"{&quot;jet_parallax_layout_list&quot;:[]}\">\n\t\t\t\t\t<div class=\"e-con-inner\">\n\t\t<div class=\"elementor-element elementor-element-0f13ff4 e-con-full e-flex e-con e-child\" data-id=\"0f13ff4\" data-element_type=\"container\" data-e-type=\"container\" data-settings=\"{&quot;jet_parallax_layout_list&quot;:[]}\">\n\t\t\t\t<div class=\"elementor-element elementor-element-52b7023 elementor-widget elementor-widget-heading\" data-id=\"52b7023\" data-element_type=\"widget\" data-e-type=\"widget\" data-widget_type=\"heading.default\">\n\t\t\t\t\t<h2 class=\"elementor-heading-title elementor-size-default\">Mention d'information concernant le traitement des donn\u00e9es personnelles<\/h2>\t\t\t\t<\/div>\n\t\t\t\t<div class=\"elementor-element elementor-element-0efbe2a elementor-widget-divider--view-line elementor-widget elementor-widget-divider\" data-id=\"0efbe2a\" data-element_type=\"widget\" data-e-type=\"widget\" data-widget_type=\"divider.default\">\n\t\t\t\t\t\t\t<div class=\"elementor-divider\">\n\t\t\t<span class=\"elementor-divider-separator\">\n\t\t\t\t\t\t<\/span>\n\t\t<\/div>\n\t\t\t\t\t\t<\/div>\n\t\t\t\t<\/div>\n\t\t\t\t\t<\/div>\n\t\t\t\t<\/div>\n\t\t<div class=\"elementor-element elementor-element-ef6eb85 e-flex e-con-boxed e-con e-parent\" data-id=\"ef6eb85\" data-element_type=\"container\" data-e-type=\"container\" data-settings=\"{&quot;jet_parallax_layout_list&quot;:[]}\">\n\t\t\t\t\t<div class=\"e-con-inner\">\n\t\t\t\t<div class=\"elementor-element elementor-element-fb5c8f8 elementor-widget elementor-widget-text-editor\" data-id=\"fb5c8f8\" data-element_type=\"widget\" data-e-type=\"widget\" data-widget_type=\"text-editor.default\">\n\t\t\t\t\t\t\t\t\t<h5><strong><span style=\"color: #a1006b;\">Recruitment<\/span><\/strong><\/h5><p>Nous vous informons que dans le cadre du traitement de vos candidatures, les diff\u00e9rentes donn\u00e9es personnelles que vous renseignez font l\u2019objet d\u2019un traitement sous la responsabilit\u00e9 de Terralpha.<\/p><p>En tant que Responsable de Traitement, Terralpha est amen\u00e9 \u00e0 traiter des Donn\u00e9es Personnelles telles que\u00a0:<\/p><p>Les noms, pr\u00e9noms, adresses mails et num\u00e9ro de t\u00e9l\u00e9phone des Utilisateurs candidatant \u00e0 des offres d\u2019emploi. Terralpha est \u00e9galement susceptible de collecter le nom du poste d\u00e9sir\u00e9 par un candidat, l\u2019objet de sa motivation \u00e0 candidater ou encore toute autre information figurant sur les CV et lettres de motivation d\u00e9pos\u00e9s sur le Site.<\/p><p>Les donn\u00e9es trait\u00e9es sont ad\u00e9quates et pertinentes vis-\u00e0-vis des finalit\u00e9s poursuivies, et leur collecte est limit\u00e9e au strict n\u00e9cessaire. Dans le respect du principe de minimisation, nous vous invitons \u00e9galement \u00e0 ne renseigner aucune donn\u00e9e inad\u00e9quate \u00e0 votre candidature.<\/p><p>La base l\u00e9gale de ce traitement est le consentement de l\u2019Utilisateur renseignant ses donn\u00e9es personnelles lors de sa candidature aux offres d\u2019emplois publi\u00e9es par Terralpha sur le Site.<\/p><p>Les donn\u00e9es sont conserv\u00e9es pendant\u00a0une dur\u00e9e de 2 ans. Terralpha se r\u00e9serve la possibilit\u00e9 de vous recontacter ult\u00e9rieurement afin de vous demander si vous souhaitez que vos donn\u00e9es soient conserv\u00e9es pendant une dur\u00e9e plus importante afin de pouvoir r\u00e9pondre \u00e0 de potentielles futures offres d\u2019emplois.<\/p><p>Conform\u00e9ment \u00e0 la loi n\u00b078-17 du 6 janvier 1978 et au r\u00e8glement 2016\/679 du Parlement Europ\u00e9en et du Conseil du 27 avril 2016, vous disposez, dans les conditions et limites pr\u00e9vues, du droit de demander au responsable du traitement l&rsquo;acc\u00e8s \u00e0 vos donn\u00e9es personnelles, la rectification ou l&rsquo;effacement de celles-ci, la limitation du traitement vous concernant, ainsi que du droit de vous opposer au traitement de vos donn\u00e9es, du droit de d\u00e9finir des directives sur le sort de vos donn\u00e9es apr\u00e8s la mort.<\/p><p>Conform\u00e9ment \u00e0 sa politique de confidentialit\u00e9, chaque entit\u00e9 du Groupe SNCF a d\u00e9sign\u00e9 un d\u00e9l\u00e9gu\u00e9 \u00e0 la protection des donn\u00e9es (<a href=\"https:\/\/www.groupe-sncf.com\/fr\/information\/politique-confidentialite\" target=\"_blank\" rel=\"noopener noreferrer nofollow\">https:\/\/www.groupe-sncf.com\/fr\/information\/politique-confidentialite<\/a>).<\/p><p>Vous pouvez exercer vos droits en vous adressant au Data Protection Officer de Terralpha, \u00e0 l\u2019adresse\u00a0: <a href=\"mailto:dpo@terralpha.fr\"><strong>dpo@terralpha.fr<\/strong><\/a><strong>.<\/strong><\/p><p>Par ailleurs, si vous consid\u00e9rez que le traitement vous concernant constitue une violation de la r\u00e8glementation, vous disposez du droit d\u2019introduire une r\u00e9clamation aupr\u00e8s de la CNIL ou de toute autre autorit\u00e9 de contr\u00f4le \u00e9quivalente comp\u00e9tente.<\/p><p>\u00a0<\/p><h5><strong><span style=\"color: #a1006b;\">Prise de contact<\/span><\/strong><\/h5><p>Nous vous informons que dans le cadre du traitement de vos demandes de contact, les diff\u00e9rentes donn\u00e9es personnelles que vous renseignez font l\u2019objet d\u2019un traitement sous la responsabilit\u00e9 de Terralpha.<\/p><p>En tant que Responsable de Traitement, Terralpha est amen\u00e9 \u00e0 traiter des Donn\u00e9es Personnelles telles que\u00a0:<\/p><p>Les noms, pr\u00e9noms, adresses mails et num\u00e9ro de t\u00e9l\u00e9phone des Utilisateurs soumettant une demande de contact. Terralpha est \u00e9galement susceptible de collecter le nom de la soci\u00e9t\u00e9 d\u2019appartenance de l\u2019Utilisateur, son code postal, l\u2019objet de sa demande ou encore toute donn\u00e9e renseign\u00e9e dans le corps du message adress\u00e9 dans sa demande.<\/p><p>Les donn\u00e9es trait\u00e9es sont ad\u00e9quates et pertinentes vis-\u00e0-vis des finalit\u00e9s poursuivies, et leur collecte est limit\u00e9e au strict n\u00e9cessaire. Dans le respect du principe de minimisation, nous vous invitons \u00e9galement \u00e0 ne renseigner aucune donn\u00e9e inad\u00e9quate \u00e0 votre demande de contact.<\/p><p>La base l\u00e9gale de ce traitement est le consentement de l\u2019Utilisateur renseignant ses donn\u00e9es personnelles lors du d\u00e9p\u00f4t de sa demande de contact avec Terralpha sur le Site.<\/p><p>Les donn\u00e9es sont conserv\u00e9es uniquement pendant la p\u00e9riode n\u00e9cessaire aux \u00e9quipes d\u2019Terralpha pour traiter la demande concern\u00e9e.<\/p><p>Conform\u00e9ment \u00e0 la loi n\u00b078-17 du 6 janvier 1978 et au r\u00e8glement 2016\/679 du Parlement Europ\u00e9en et du Conseil du 27 avril 2016, vous disposez, dans les conditions et limites pr\u00e9vues, du droit de demander au responsable du traitement l&rsquo;acc\u00e8s \u00e0 vos donn\u00e9es personnelles, la rectification ou l&rsquo;effacement de celles-ci, la limitation du traitement vous concernant, ainsi que du droit de vous opposer au traitement de vos donn\u00e9es, du droit de d\u00e9finir des directives sur le sort de vos donn\u00e9es apr\u00e8s la mort.<\/p><p>Conform\u00e9ment \u00e0 sa politique de confidentialit\u00e9, TERRALPHA a d\u00e9sign\u00e9 un d\u00e9l\u00e9gu\u00e9 \u00e0 la protection des donn\u00e9es. Vous pouvez exercer vos droits en vous adressant au Data Protection Officer de Terralpha, \u00e0 l\u2019adresse\u00a0: <a href=\"mailto:dpo@terralpha.fr\"><strong>dpo@terralpha.fr<\/strong><\/a><strong>.<\/strong><\/p><p>Par ailleurs, si vous consid\u00e9rez que le traitement vous concernant constitue une violation de la r\u00e8glementation, vous disposez du droit d\u2019introduire une r\u00e9clamation aupr\u00e8s de la CNIL ou de toute autre autorit\u00e9 de contr\u00f4le \u00e9quivalente comp\u00e9tente.<\/p><p>\u00a0<\/p><h5><strong><span style=\"color: #a1006b;\">Page des candidatures<\/span><\/strong><\/h5><p>Nous vous informons que dans le cadre vos candidatures, les diff\u00e9rentes donn\u00e9es personnelles que vous renseignez font l\u2019objet d\u2019un traitement sous la responsabilit\u00e9 de Terralpha.<\/p><p>La base l\u00e9gale de ce traitement est le consentement de l\u2019Utilisateur renseignant ses donn\u00e9es personnelles lors de sa candidature aux offres d\u2019emplois publi\u00e9es par Terralpha sur le Site.<\/p><p>Les donn\u00e9es sont conserv\u00e9es pendant\u00a0une dur\u00e9e de 2 ans. Terralpha se r\u00e9serve la possibilit\u00e9 de vous recontacter ult\u00e9rieurement afin de vous demander si vous souhaitez que vos donn\u00e9es soient conserv\u00e9es pendant une dur\u00e9e plus importante afin de pouvoir r\u00e9pondre \u00e0 de potentielles futures offres d\u2019emplois.<\/p><p>Conform\u00e9ment \u00e0 la loi n\u00b078-17 du 6 janvier 1978 et au r\u00e8glement 2016\/679 du Parlement Europ\u00e9en et du Conseil du 27 avril 2016, vous disposez, dans les conditions et limites pr\u00e9vues, des droits d&rsquo;acc\u00e8s, de modification et de suppression que vous pouvez exercer en vous adressant au Data Protection Officer de Terralpha, \u00e0 l\u2019adresse\u00a0: <a href=\"mailto:dpo@terralpha.fr\"><strong>dpo@terralpha.fr<\/strong><\/a><strong>.<\/strong><\/p>\t\t\t\t\t\t\t\t<\/div>\n\t\t\t\t\t<\/div>\n\t\t\t\t<\/div>\n\t\t\t\t<\/div>","protected":false},"excerpt":{"rendered":"<p>Politique de confidentialit\u00e9 Mention d&rsquo;information concernant le traitement des donn\u00e9es personnelles Recrutement Nous vous informons que dans le cadre du traitement de vos candidatures, les diff\u00e9rentes donn\u00e9es personnelles que vous renseignez font l\u2019objet d\u2019un traitement sous la responsabilit\u00e9 de Terralpha. En tant que Responsable de Traitement, Terralpha est amen\u00e9 \u00e0 traiter des Donn\u00e9es Personnelles telles [&hellip;]<\/p>\n","protected":false},"author":1,"featured_media":0,"parent":0,"menu_order":10,"comment_status":"closed","ping_status":"closed","template":"","meta":{"footnotes":""},"class_list":["post-402","page","type-page","status-publish","hentry"],"_links":{"self":[{"href":"https:\/\/terralpha.fr\/en\/wp-json\/wp\/v2\/pages\/402","targetHints":{"allow":["GET"]}}],"collection":[{"href":"https:\/\/terralpha.fr\/en\/wp-json\/wp\/v2\/pages"}],"about":[{"href":"https:\/\/terralpha.fr\/en\/wp-json\/wp\/v2\/types\/page"}],"author":[{"embeddable":true,"href":"https:\/\/terralpha.fr\/en\/wp-json\/wp\/v2\/users\/1"}],"replies":[{"embeddable":true,"href":"https:\/\/terralpha.fr\/en\/wp-json\/wp\/v2\/comments?post=402"}],"version-history":[{"count":0,"href":"https:\/\/terralpha.fr\/en\/wp-json\/wp\/v2\/pages\/402\/revisions"}],"wp:attachment":[{"href":"https:\/\/terralpha.fr\/en\/wp-json\/wp\/v2\/media?parent=402"}],"curies":[{"name":"wp","href":"https:\/\/api.w.org\/{rel}","templated":true}]}}